{"id":10,"date":"2023-12-30T13:31:07","date_gmt":"2023-12-30T13:31:07","guid":{"rendered":"https:\/\/commonsolution.ch\/?page_id=10"},"modified":"2024-01-10T07:46:59","modified_gmt":"2024-01-10T07:46:59","slug":"impressum","status":"publish","type":"page","link":"https:\/\/commonsolution.ch\/index.php\/impressum\/","title":{"rendered":""},"content":{"rendered":"\n<p class=\"has-contrast-2-color has-base-2-background-color has-text-color has-background has-link-color has-system-sans-serif-font-family wp-elements-2b29b902904d6af6f7e706b5a09daf59\"><strong>Verantwortung &amp; Rechte f\u00fcr\/an die\/der Website www.commonsolution.ch tr\u00e4gt:<\/strong><\/p>\n\n\n\n<p class=\"has-system-sans-serif-font-family\">| COMMON SOLUTION | info@commonsolution.ch | <\/p>\n\n\n\n<p>| Steinackerweg 5 | CH-8590 Romanshorn |<\/p>\n\n\n\n<p>| Inhaberin Marie-Christine Schr\u00f6der |<\/p>\n\n\n\n<p>Die Urheber- und alle anderen Rechte an Inhalten, Bildern, Fotos oder anderen Dateien auf der Website, geh\u00f6ren ausschliesslich der Einzel-gesellschaft COMMON SOLUTION als Betreiberin dieser Website. Eine Vervielf\u00e4ltigung, Verarbeitung, Verbreitung oder Nutzung der Inhalte ist ohne unsere vorherige schriftliche Zustimmung untersagt. Wer ohne Einwilligung der COMMON SOLUTION eine Urheberrechtsverletzung begeht, kann sich strafbar und allenfalls schadenersatzpflichtig machen.<\/p>\n\n\n\n<p class=\"has-contrast-2-color has-base-2-background-color has-text-color has-background has-link-color wp-elements-52bac5f782fcd8dc3d8d09a101b8a18c\"><strong>Allgemeiner Haftungsausschluss:<\/strong><\/p>\n\n\n\n<p>Die Angaben auf dieser Website sind ausschliesslich zu Informationszwecken gedacht. Diese Informationen sind keine (Rechts-) Beratungen und k\u00f6nnen auch nicht als solche verstanden werden. Alle Angaben unseres Internet-angebotes wurden sorgf\u00e4ltig gepr\u00fcft. Wir bem\u00fchen uns, unser Informations-angebot aktuell, inhaltlich richtig und vollst\u00e4ndig anzubieten. Trotzdem kann das Auftreten von Fehlern nicht v\u00f6llig ausgeschlossen werden, womit wir keine Garantie f\u00fcr Vollst\u00e4ndigkeit, Richtigkeit und Aktualit\u00e4t von Informationen auch journalistisch-redaktioneller Art \u00fcbernehmen k\u00f6nnen. Haftungsanspr\u00fcche aus Sch\u00e4den materieller oder ideeller Art, die durch die Nutzung der angebotenen Informationen verursacht wurden, sind ausge-schlossen. Der Herausgeber kann nach eigenem Ermessen und ohne Ank\u00fcndigung Texte ver\u00e4ndern oder l\u00f6schen und ist nicht verpflichtet, Inhalte dieser Website zu aktualisieren. Die Benutzung bzw. der Zugang zu dieser Website geschieht auf eigene Gefahr des Besuchers. Der Herausgeber, seine Auftraggeber oder Partner sind nicht verantwortlich f\u00fcr Sch\u00e4den, wie direkte, indirekte, zuf\u00e4llige, vorab konkret zu bestimmende oder Folge-sch\u00e4den, die angeblich durch den Besuch dieser Website entstanden sind und \u00fcbernehmen hierf\u00fcr folglich keine Haftung. Der Herausgeber \u00fcbernimmt ebenfalls keine Verantwortung und Haftung f\u00fcr die Inhalte und die Verf\u00fcgbarkeit von Website Dritter, die \u00fcber externe Links dieser Website erreichbar sind. F\u00fcr den Inhalt der verlinkten Seiten sind ausschliesslich deren Betreiber verantwortlich. Der Herausgeber distanziert sich damit ausdr\u00fccklich von allen Inhalten Dritter, die m\u00f6glicherweise straf- oder haftungsrechtlich relevant sind oder gegen die guten Sitten verstossen.<\/p>\n","protected":false},"excerpt":{"rendered":"<p>Verantwortung &amp; Rechte f\u00fcr\/an die\/der Website www.commonsolution.ch tr\u00e4gt: | COMMON SOLUTION | info@commonsolution.ch | | Steinackerweg 5 | CH-8590 Romanshorn | | Inhaberin Marie-Christine Schr\u00f6der | Die Urheber- und alle anderen Rechte an Inhalten, Bildern, Fotos oder anderen Dateien auf der Website, geh\u00f6ren ausschliesslich der Einzel-gesellschaft COMMON SOLUTION als Betreiberin dieser Website. Eine Vervielf\u00e4ltigung, Verarbeitung, [&hellip;]<\/p>\n","protected":false},"author":1,"featured_media":0,"parent":0,"menu_order":0,"comment_status":"closed","ping_status":"closed","template":"","meta":{"footnotes":""},"class_list":["post-10","page","type-page","status-publish","hentry"],"_links":{"self":[{"href":"https:\/\/commonsolution.ch\/index.php\/wp-json\/wp\/v2\/pages\/10","targetHints":{"allow":["GET"]}}],"collection":[{"href":"https:\/\/commonsolution.ch\/index.php\/wp-json\/wp\/v2\/pages"}],"about":[{"href":"https:\/\/commonsolution.ch\/index.php\/wp-json\/wp\/v2\/types\/page"}],"author":[{"embeddable":true,"href":"https:\/\/commonsolution.ch\/index.php\/wp-json\/wp\/v2\/users\/1"}],"replies":[{"embeddable":true,"href":"https:\/\/commonsolution.ch\/index.php\/wp-json\/wp\/v2\/comments?post=10"}],"version-history":[{"count":5,"href":"https:\/\/commonsolution.ch\/index.php\/wp-json\/wp\/v2\/pages\/10\/revisions"}],"predecessor-version":[{"id":133,"href":"https:\/\/commonsolution.ch\/index.php\/wp-json\/wp\/v2\/pages\/10\/revisions\/133"}],"wp:attachment":[{"href":"https:\/\/commonsolution.ch\/index.php\/wp-json\/wp\/v2\/media?parent=10"}],"curies":[{"name":"wp","href":"https:\/\/api.w.org\/{rel}","templated":true}]}}